{"id":619,"date":"2020-11-27T13:08:17","date_gmt":"2020-11-27T12:08:17","guid":{"rendered":"http:\/\/www.fbh.es\/public_html\/?page_id=619"},"modified":"2020-12-18T11:12:17","modified_gmt":"2020-12-18T10:12:17","slug":"politica-de-proteccion-de-datos","status":"publish","type":"page","link":"https:\/\/www.fbh.es\/public_html\/politica-de-proteccion-de-datos\/","title":{"rendered":"Pol\u00edtica de protecci\u00f3n de datos"},"content":{"rendered":"<p><strong>INFORMACI\u00d3N B\u00c1SICA DE PROTECCI\u00d3N DE DATOS PARA EL CLIENTE<\/strong><\/p>\n<p>RESPONSABLE DEL TRATAMIENTO: <strong>FBH PERITACIONES Y PROYECTOS S.C.A.<\/strong> (en adelante LA SOCIEDAD) le informa de que sus datos personales, as\u00ed como aquellos otros datos de posibles terceros (por ejemplo, sus empleados) que facilite como datos de contacto con su empresa, ser\u00e1n incorporados a un fichero titularidad de dicha sociedad, con domicilio social <strong>Paseo Cerrado de Calder\u00f3n, 14 Edificio J\u00daPITER, 1\u00ba Planta. OFICINA N\u00ba3 &#8211; 29018 M\u00e1laga (T\u00e9lefono 952 206 232).<\/strong><\/p>\n<p>FINALIDAD DEL TRATAMIENTO: Las finalidades de dicho tratamiento ser\u00e1n<\/p>\n<ol>\n<li>Facilitar la gesti\u00f3n de la prestaci\u00f3n de los servicios pactados, mantener la relaci\u00f3n comercial, as\u00ed como cualquier otro servicio que se contrate con posterioridad.<\/li>\n<li>Con fines de mercadotecnia, para el ofrecimiento de productos o servicios propios o de terceras empresas relacionados con la actividad desarrollada en la gesti\u00f3n de siniestros, peritaciones y reclamaciones, dentro del \u00e1mbito empresarial, y env\u00edo de newsletters y comunicaciones relacionadas con nuestra actividad.<\/li>\n<li>En los datos recogidos de terceros en el ejercicio de la actividad (vecinos, testigos, comunidades de propietarios, etc.), dichos datos se realizan en base al inter\u00e9s leg\u00edtimo.<\/li>\n<\/ol>\n<p>LEGITIMACI\u00d3N: Consentimiento del interesado expreso.<\/p>\n<p>DESTINATARIOS: Los destinatarios de los datos vienen indicados en el link abajo indicado. No existen transferencias internacionales de datos.<\/p>\n<p>DERECHOS DE LOS INTERESADOS: Usted podr\u00e1 ejercer sus derechos de acceso, rectificaci\u00f3n, supresi\u00f3n, oposici\u00f3n, portabilidad y limitaci\u00f3n del tratamiento, dirigi\u00e9ndose a la direcci\u00f3n arriba indicada, o por e-mail a <strong><a href=\"mailto:fbh.malaga@fbh.es\">fbh.malaga@fbh.es<\/a><\/strong><\/p>\n<p>INFORMACI\u00d3N ADICIONAL: Puede acceder a informaci\u00f3n adicional requerida por la normativa aplicable, y en especial, a informaci\u00f3n sobre el tratamiento de los datos, y los\u00a0<u>destinatarios<\/u> de los datos, a trav\u00e9s de <a href=\"http:\/\/www.fbh.es\/politica-de-privacidad\/\"><strong>politica de privacidad<\/strong><\/a><\/p>\n<p>TUTELA AGENCIA ESPA\u00d1OLA DE PROTECCI\u00d3N DE DATOS: En caso de entender que GOLD Abogados, no ha resuelto correctamente su solicitud, puede dirigirse a solicitar la tutela de la Agencia Espa\u00f1ola de Protecci\u00f3n de Datos, cuyos datos puede consultar en\u00a0<a href=\"http:\/\/www.aepd.es\/\">www.aepd.es<\/a><\/p>\n<p>En cumplimiento de la Ley 34\/2002, de 11 de julio, de Servicios de la Sociedad de la Informaci\u00f3n y Comercio Electr\u00f3nico (en adelante LSSI), con la aceptaci\u00f3n de la presente pol\u00edtica de privacidad Ud. consiente expresamente en que los env\u00edos se realicen a trav\u00e9s de medios electr\u00f3nicos. Puede darse de baja enviando un e-mail a la direcci\u00f3n de e-mail arriba indicada<\/p>\n<p>He le\u00eddo y acepto.<\/p>\n ","protected":false},"excerpt":{"rendered":"<p>INFORMACI\u00d3N B\u00c1SICA DE PROTECCI\u00d3N DE DATOS PARA EL CLIENTE RESPONSABLE DEL TRATAMIENTO: FBH PERITACIONES Y PROYECTOS S.C.A. (en adelante LA SOCIEDAD) le informa de que sus datos personales, as\u00ed como aquellos otros datos de posibles terceros (por ejemplo, sus empleados)<\/p>\n","protected":false},"author":1,"featured_media":0,"parent":0,"menu_order":0,"comment_status":"closed","ping_status":"closed","template":"","meta":[],"yoast_head":"<!-- This site is optimized with the Yoast SEO plugin v15.9.1 - https:\/\/yoast.com\/wordpress\/plugins\/seo\/ -->\n<title>Pol\u00edtica de protecci\u00f3n de datos - FBH Peritaciones y Proyectos S.C.A.<\/title>\n<meta name=\"robots\" content=\"index, follow, max-snippet:-1, max-image-preview:large, max-video-preview:-1\" \/>\n<link rel=\"canonical\" href=\"https:\/\/www.fbh.es\/public_html\/politica-de-proteccion-de-datos\/\" \/>\n<meta property=\"og:locale\" content=\"es_ES\" \/>\n<meta property=\"og:type\" content=\"article\" \/>\n<meta property=\"og:title\" content=\"Pol\u00edtica de protecci\u00f3n de datos - FBH Peritaciones y Proyectos S.C.A.\" \/>\n<meta property=\"og:description\" content=\"INFORMACI\u00d3N B\u00c1SICA DE PROTECCI\u00d3N DE DATOS PARA EL CLIENTE RESPONSABLE DEL TRATAMIENTO: FBH PERITACIONES Y PROYECTOS S.C.A. (en adelante LA SOCIEDAD) le informa de que sus datos personales, as\u00ed como aquellos otros datos de posibles terceros (por ejemplo, sus empleados)\" \/>\n<meta property=\"og:url\" content=\"https:\/\/www.fbh.es\/public_html\/politica-de-proteccion-de-datos\/\" \/>\n<meta property=\"og:site_name\" content=\"FBH Peritaciones y Proyectos S.C.A.\" \/>\n<meta property=\"article:modified_time\" content=\"2020-12-18T10:12:17+00:00\" \/>\n<meta name=\"twitter:card\" content=\"summary_large_image\" \/>\n<meta name=\"twitter:label1\" content=\"Tiempo de lectura\">\n\t<meta name=\"twitter:data1\" content=\"2 minutos\">\n<script type=\"application\/ld+json\" class=\"yoast-schema-graph\">{\"@context\":\"https:\/\/schema.org\",\"@graph\":[{\"@type\":\"Organization\",\"@id\":\"https:\/\/www.fbh.es\/public_html\/#organization\",\"name\":\"FBH Peritaciones\",\"url\":\"https:\/\/www.fbh.es\/public_html\/\",\"sameAs\":[],\"logo\":{\"@type\":\"ImageObject\",\"@id\":\"https:\/\/www.fbh.es\/public_html\/#logo\",\"inLanguage\":\"es\",\"url\":\"\",\"caption\":\"FBH Peritaciones\"},\"image\":{\"@id\":\"https:\/\/www.fbh.es\/public_html\/#logo\"}},{\"@type\":\"WebSite\",\"@id\":\"https:\/\/www.fbh.es\/public_html\/#website\",\"url\":\"https:\/\/www.fbh.es\/public_html\/\",\"name\":\"FBH Peritaciones y Proyectos S.C.A.\",\"description\":\"Peritaciones y Proyectos\",\"publisher\":{\"@id\":\"https:\/\/www.fbh.es\/public_html\/#organization\"},\"potentialAction\":[{\"@type\":\"SearchAction\",\"target\":\"https:\/\/www.fbh.es\/public_html\/?s={search_term_string}\",\"query-input\":\"required name=search_term_string\"}],\"inLanguage\":\"es\"},{\"@type\":\"WebPage\",\"@id\":\"https:\/\/www.fbh.es\/public_html\/politica-de-proteccion-de-datos\/#webpage\",\"url\":\"https:\/\/www.fbh.es\/public_html\/politica-de-proteccion-de-datos\/\",\"name\":\"Pol\\u00edtica de protecci\\u00f3n de datos - FBH Peritaciones y Proyectos S.C.A.\",\"isPartOf\":{\"@id\":\"https:\/\/www.fbh.es\/public_html\/#website\"},\"datePublished\":\"2020-11-27T12:08:17+00:00\",\"dateModified\":\"2020-12-18T10:12:17+00:00\",\"breadcrumb\":{\"@id\":\"https:\/\/www.fbh.es\/public_html\/politica-de-proteccion-de-datos\/#breadcrumb\"},\"inLanguage\":\"es\",\"potentialAction\":[{\"@type\":\"ReadAction\",\"target\":[\"https:\/\/www.fbh.es\/public_html\/politica-de-proteccion-de-datos\/\"]}]},{\"@type\":\"BreadcrumbList\",\"@id\":\"https:\/\/www.fbh.es\/public_html\/politica-de-proteccion-de-datos\/#breadcrumb\",\"itemListElement\":[{\"@type\":\"ListItem\",\"position\":1,\"item\":{\"@type\":\"WebPage\",\"@id\":\"https:\/\/www.fbh.es\/public_html\/\",\"url\":\"https:\/\/www.fbh.es\/public_html\/\",\"name\":\"Portada\"}},{\"@type\":\"ListItem\",\"position\":2,\"item\":{\"@type\":\"WebPage\",\"@id\":\"https:\/\/www.fbh.es\/public_html\/politica-de-proteccion-de-datos\/\",\"url\":\"https:\/\/www.fbh.es\/public_html\/politica-de-proteccion-de-datos\/\",\"name\":\"Pol\\u00edtica de protecci\\u00f3n de datos\"}}]}]}<\/script>\n<!-- \/ Yoast SEO plugin. -->","_links":{"self":[{"href":"https:\/\/www.fbh.es\/public_html\/wp-json\/wp\/v2\/pages\/619"}],"collection":[{"href":"https:\/\/www.fbh.es\/public_html\/wp-json\/wp\/v2\/pages"}],"about":[{"href":"https:\/\/www.fbh.es\/public_html\/wp-json\/wp\/v2\/types\/page"}],"author":[{"embeddable":true,"href":"https:\/\/www.fbh.es\/public_html\/wp-json\/wp\/v2\/users\/1"}],"replies":[{"embeddable":true,"href":"https:\/\/www.fbh.es\/public_html\/wp-json\/wp\/v2\/comments?post=619"}],"version-history":[{"count":8,"href":"https:\/\/www.fbh.es\/public_html\/wp-json\/wp\/v2\/pages\/619\/revisions"}],"predecessor-version":[{"id":1237,"href":"https:\/\/www.fbh.es\/public_html\/wp-json\/wp\/v2\/pages\/619\/revisions\/1237"}],"wp:attachment":[{"href":"https:\/\/www.fbh.es\/public_html\/wp-json\/wp\/v2\/media?parent=619"}],"curies":[{"name":"wp","href":"https:\/\/api.w.org\/{rel}","templated":true}]}}