{"id":538,"date":"2020-11-26T11:56:59","date_gmt":"2020-11-26T10:56:59","guid":{"rendered":"http:\/\/www.fbh.es\/public_html\/?page_id=538"},"modified":"2021-03-02T12:07:19","modified_gmt":"2021-03-02T11:07:19","slug":"quienes-somos","status":"publish","type":"page","link":"https:\/\/www.fbh.es\/public_html\/quienes-somos\/","title":{"rendered":"Qui\u00e9nes somos"},"content":{"rendered":"\t\t<div data-elementor-type=\"wp-page\" data-elementor-id=\"538\" class=\"elementor elementor-538\">\n\t\t\t\t\t\t<div class=\"elementor-inner\">\n\t\t\t\t<div class=\"elementor-section-wrap\">\n\t\t\t\t\t\t\t\t\t<section class=\"elementor-section elementor-top-section elementor-element elementor-element-92e46fd elementor-section-boxed elementor-section-height-default elementor-section-height-default\" data-id=\"92e46fd\" data-element_type=\"section\" data-settings=\"{&quot;background_background&quot;:&quot;classic&quot;}\">\n\t\t\t\t\t\t\t<div class=\"elementor-background-overlay\"><\/div>\n\t\t\t\t\t\t\t<div class=\"elementor-container elementor-column-gap-default\">\n\t\t\t\t\t\t\t<div class=\"elementor-row\">\n\t\t\t\t\t<div class=\"elementor-column elementor-col-100 elementor-top-column elementor-element elementor-element-e0f50d2\" data-id=\"e0f50d2\" data-element_type=\"column\">\n\t\t\t<div class=\"elementor-column-wrap elementor-element-populated\">\n\t\t\t\t\t\t\t<div class=\"elementor-widget-wrap\">\n\t\t\t\t\t\t<div class=\"elementor-element elementor-element-5b822f2 elementor-widget elementor-widget-spacer\" data-id=\"5b822f2\" data-element_type=\"widget\" data-widget_type=\"spacer.default\">\n\t\t\t\t<div class=\"elementor-widget-container\">\n\t\t\t\t\t<div class=\"elementor-spacer\">\n\t\t\t<div class=\"elementor-spacer-inner\"><\/div>\n\t\t<\/div>\n\t\t\t\t<\/div>\n\t\t\t\t<\/div>\n\t\t\t\t<div class=\"elementor-element elementor-element-5c9bbc5 elementor-widget elementor-widget-heading\" data-id=\"5c9bbc5\" data-element_type=\"widget\" data-widget_type=\"heading.default\">\n\t\t\t\t<div class=\"elementor-widget-container\">\n\t\t\t<h2 class=\"elementor-heading-title elementor-size-default\">\n\nQui\u00e9nes Somos\n\n\n<\/h2>\t\t<\/div>\n\t\t\t\t<\/div>\n\t\t\t\t<div class=\"elementor-element elementor-element-cde552a elementor-align-center elementor-widget elementor-widget-button\" data-id=\"cde552a\" data-element_type=\"widget\" data-widget_type=\"button.default\">\n\t\t\t\t<div class=\"elementor-widget-container\">\n\t\t\t\t\t<div class=\"elementor-button-wrapper\">\n\t\t\t<a href=\"http:\/\/www.fbh.es\/public_html\/contacto\/\" class=\"elementor-button-link elementor-button elementor-size-sm\" role=\"button\">\n\t\t\t\t\t\t<span class=\"elementor-button-content-wrapper\">\n\t\t\t\t\t\t<span class=\"elementor-button-text\">Contacta con nosotros<\/span>\n\t\t<\/span>\n\t\t\t\t\t<\/a>\n\t\t<\/div>\n\t\t\t\t<\/div>\n\t\t\t\t<\/div>\n\t\t\t\t<div class=\"elementor-element elementor-element-094c483 elementor-widget elementor-widget-spacer\" data-id=\"094c483\" data-element_type=\"widget\" data-widget_type=\"spacer.default\">\n\t\t\t\t<div class=\"elementor-widget-container\">\n\t\t\t\t\t<div class=\"elementor-spacer\">\n\t\t\t<div class=\"elementor-spacer-inner\"><\/div>\n\t\t<\/div>\n\t\t\t\t<\/div>\n\t\t\t\t<\/div>\n\t\t\t\t\t\t<\/div>\n\t\t\t\t\t<\/div>\n\t\t<\/div>\n\t\t\t\t\t\t\t\t<\/div>\n\t\t\t\t\t<\/div>\n\t\t<\/section>\n\t\t\t\t<section class=\"elementor-section elementor-top-section elementor-element elementor-element-81c19ed elementor-section-boxed elementor-section-height-default elementor-section-height-default\" data-id=\"81c19ed\" data-element_type=\"section\">\n\t\t\t\t\t\t<div class=\"elementor-container elementor-column-gap-default\">\n\t\t\t\t\t\t\t<div class=\"elementor-row\">\n\t\t\t\t\t<div class=\"elementor-column elementor-col-100 elementor-top-column elementor-element elementor-element-335b26c\" data-id=\"335b26c\" data-element_type=\"column\">\n\t\t\t<div class=\"elementor-column-wrap elementor-element-populated\">\n\t\t\t\t\t\t\t<div class=\"elementor-widget-wrap\">\n\t\t\t\t\t\t<section class=\"elementor-section elementor-inner-section elementor-element elementor-element-b317fe0 elementor-section-boxed elementor-section-height-default elementor-section-height-default\" data-id=\"b317fe0\" data-element_type=\"section\">\n\t\t\t\t\t\t<div class=\"elementor-container elementor-column-gap-default\">\n\t\t\t\t\t\t\t<div class=\"elementor-row\">\n\t\t\t\t\t<div class=\"elementor-column elementor-col-33 elementor-inner-column elementor-element elementor-element-bc67027\" data-id=\"bc67027\" data-element_type=\"column\">\n\t\t\t<div class=\"elementor-column-wrap elementor-element-populated\">\n\t\t\t\t\t\t\t<div class=\"elementor-widget-wrap\">\n\t\t\t\t\t\t<div class=\"elementor-element elementor-element-b04a0c3 elementor-widget elementor-widget-heading\" data-id=\"b04a0c3\" data-element_type=\"widget\" data-widget_type=\"heading.default\">\n\t\t\t\t<div class=\"elementor-widget-container\">\n\t\t\t<h2 class=\"elementor-heading-title elementor-size-default\">Nuestra Misi\u00f3n<\/h2>\t\t<\/div>\n\t\t\t\t<\/div>\n\t\t\t\t<div class=\"elementor-element elementor-element-6d02f32 elementor-widget elementor-widget-text-editor\" data-id=\"6d02f32\" data-element_type=\"widget\" data-widget_type=\"text-editor.default\">\n\t\t\t\t<div class=\"elementor-widget-container\">\n\t\t\t\t\t\t\t\t<div class=\"elementor-text-editor elementor-clearfix\">\n\t\t\t\t<p>Valoraci\u00f3n de todo tipo de siniestros, obras de arte, edificios y viviendas<\/p>\t\t\t\t\t<\/div>\n\t\t\t\t\t\t<\/div>\n\t\t\t\t<\/div>\n\t\t\t\t\t\t<\/div>\n\t\t\t\t\t<\/div>\n\t\t<\/div>\n\t\t\t\t<div class=\"elementor-column elementor-col-33 elementor-inner-column elementor-element elementor-element-0621a82\" data-id=\"0621a82\" data-element_type=\"column\">\n\t\t\t<div class=\"elementor-column-wrap elementor-element-populated\">\n\t\t\t\t\t\t\t<div class=\"elementor-widget-wrap\">\n\t\t\t\t\t\t<div class=\"elementor-element elementor-element-60812da elementor-widget elementor-widget-heading\" data-id=\"60812da\" data-element_type=\"widget\" data-widget_type=\"heading.default\">\n\t\t\t\t<div class=\"elementor-widget-container\">\n\t\t\t<h2 class=\"elementor-heading-title elementor-size-default\">Nuestra Visi\u00f3n<\/h2>\t\t<\/div>\n\t\t\t\t<\/div>\n\t\t\t\t<div class=\"elementor-element elementor-element-8ca3e34 elementor-widget elementor-widget-text-editor\" data-id=\"8ca3e34\" data-element_type=\"widget\" data-widget_type=\"text-editor.default\">\n\t\t\t\t<div class=\"elementor-widget-container\">\n\t\t\t\t\t\t\t\t<div class=\"elementor-text-editor elementor-clearfix\">\n\t\t\t\t<p>Para la realizaci\u00f3n de la Pericial Seguros, nuestros expertos emplean las m\u00e1s modernas herramientas y metodolog\u00edas, para poder analizar el asunto de forma meticulosa. Estos procedimientos tienen como base la objetividad e imparcialidad<\/p>\t\t\t\t\t<\/div>\n\t\t\t\t\t\t<\/div>\n\t\t\t\t<\/div>\n\t\t\t\t\t\t<\/div>\n\t\t\t\t\t<\/div>\n\t\t<\/div>\n\t\t\t\t<div class=\"elementor-column elementor-col-33 elementor-inner-column elementor-element elementor-element-ad31654\" data-id=\"ad31654\" data-element_type=\"column\">\n\t\t\t<div class=\"elementor-column-wrap elementor-element-populated\">\n\t\t\t\t\t\t\t<div class=\"elementor-widget-wrap\">\n\t\t\t\t\t\t<div class=\"elementor-element elementor-element-195d539 elementor-widget elementor-widget-heading\" data-id=\"195d539\" data-element_type=\"widget\" data-widget_type=\"heading.default\">\n\t\t\t\t<div class=\"elementor-widget-container\">\n\t\t\t<h2 class=\"elementor-heading-title elementor-size-default\">Nuestra Experiencia<\/h2>\t\t<\/div>\n\t\t\t\t<\/div>\n\t\t\t\t<div class=\"elementor-element elementor-element-c919d4e elementor-widget elementor-widget-text-editor\" data-id=\"c919d4e\" data-element_type=\"widget\" data-widget_type=\"text-editor.default\">\n\t\t\t\t<div class=\"elementor-widget-container\">\n\t\t\t\t\t\t\t\t<div class=\"elementor-text-editor elementor-clearfix\">\n\t\t\t\t<p>FBH es un gabinete compuesto por peritos que cuentan con una alta especializaci\u00f3n, amplia experiencia laboral, formaci\u00f3n universitaria y profesional continuada y actualizada.<\/p><p>Llevamos m\u00e1s de 10 a\u00f1os prestando nuestros servicios a\u00a0 empresas y particulares.\u00a0<\/p><p>En FBH contamos con un equipo multidisciplinar de peritos.<\/p>\t\t\t\t\t<\/div>\n\t\t\t\t\t\t<\/div>\n\t\t\t\t<\/div>\n\t\t\t\t\t\t<\/div>\n\t\t\t\t\t<\/div>\n\t\t<\/div>\n\t\t\t\t\t\t\t\t<\/div>\n\t\t\t\t\t<\/div>\n\t\t<\/section>\n\t\t\t\t\t\t<\/div>\n\t\t\t\t\t<\/div>\n\t\t<\/div>\n\t\t\t\t\t\t\t\t<\/div>\n\t\t\t\t\t<\/div>\n\t\t<\/section>\n\t\t\t\t<section class=\"elementor-section elementor-top-section elementor-element elementor-element-573cd7d elementor-section-boxed elementor-section-height-default elementor-section-height-default\" data-id=\"573cd7d\" data-element_type=\"section\">\n\t\t\t\t\t\t<div class=\"elementor-container elementor-column-gap-default\">\n\t\t\t\t\t\t\t<div class=\"elementor-row\">\n\t\t\t\t\t<div class=\"elementor-column elementor-col-100 elementor-top-column elementor-element elementor-element-4263af1\" data-id=\"4263af1\" data-element_type=\"column\">\n\t\t\t<div class=\"elementor-column-wrap elementor-element-populated\">\n\t\t\t\t\t\t\t<div class=\"elementor-widget-wrap\">\n\t\t\t\t\t\t<div class=\"elementor-element elementor-element-660bcee elementor-widget elementor-widget-spacer\" data-id=\"660bcee\" data-element_type=\"widget\" data-widget_type=\"spacer.default\">\n\t\t\t\t<div class=\"elementor-widget-container\">\n\t\t\t\t\t<div class=\"elementor-spacer\">\n\t\t\t<div class=\"elementor-spacer-inner\"><\/div>\n\t\t<\/div>\n\t\t\t\t<\/div>\n\t\t\t\t<\/div>\n\t\t\t\t\t\t<\/div>\n\t\t\t\t\t<\/div>\n\t\t<\/div>\n\t\t\t\t\t\t\t\t<\/div>\n\t\t\t\t\t<\/div>\n\t\t<\/section>\n\t\t\t\t<section class=\"elementor-section elementor-top-section elementor-element elementor-element-388e604 elementor-section-boxed elementor-section-height-default elementor-section-height-default\" data-id=\"388e604\" data-element_type=\"section\">\n\t\t\t\t\t\t\t<div class=\"elementor-background-overlay\"><\/div>\n\t\t\t\t\t\t\t<div class=\"elementor-container elementor-column-gap-default\">\n\t\t\t\t\t\t\t<div class=\"elementor-row\">\n\t\t\t\t\t<div class=\"elementor-column elementor-col-100 elementor-top-column elementor-element elementor-element-67015fe\" data-id=\"67015fe\" data-element_type=\"column\">\n\t\t\t<div class=\"elementor-column-wrap elementor-element-populated\">\n\t\t\t\t\t\t\t<div class=\"elementor-widget-wrap\">\n\t\t\t\t\t\t<div class=\"elementor-element elementor-element-445a8f3 elementor-widget elementor-widget-heading\" data-id=\"445a8f3\" data-element_type=\"widget\" data-widget_type=\"heading.default\">\n\t\t\t\t<div class=\"elementor-widget-container\">\n\t\t\t<h2 class=\"elementor-heading-title elementor-size-default\"><u>Con\u00f3zcanos<\/u><\/h2>\t\t<\/div>\n\t\t\t\t<\/div>\n\t\t\t\t<div class=\"elementor-element elementor-element-c47c3e4 elementor-widget elementor-widget-text-editor\" data-id=\"c47c3e4\" data-element_type=\"widget\" data-widget_type=\"text-editor.default\">\n\t\t\t\t<div class=\"elementor-widget-container\">\n\t\t\t\t\t\t\t\t<div class=\"elementor-text-editor elementor-clearfix\">\n\t\t\t\t<h3 style=\"text-align: center;\"><em><strong>Gabinete compuesto por peritos con amplia experiencia en todos los sectores, dedicados a peritar siniestros para compa\u00f1\u00edas de seguros, valorar da\u00f1os a particulares, tasar bienes muebles e inmuebles para herencias, obras de arte y joyas.<\/strong><\/em><\/h3>\t\t\t\t\t<\/div>\n\t\t\t\t\t\t<\/div>\n\t\t\t\t<\/div>\n\t\t\t\t\t\t<\/div>\n\t\t\t\t\t<\/div>\n\t\t<\/div>\n\t\t\t\t\t\t\t\t<\/div>\n\t\t\t\t\t<\/div>\n\t\t<\/section>\n\t\t\t\t<section class=\"elementor-section elementor-top-section elementor-element elementor-element-6679ec8 elementor-section-boxed elementor-section-height-default elementor-section-height-default\" data-id=\"6679ec8\" data-element_type=\"section\">\n\t\t\t\t\t\t<div class=\"elementor-container elementor-column-gap-default\">\n\t\t\t\t\t\t\t<div class=\"elementor-row\">\n\t\t\t\t\t<div class=\"elementor-column elementor-col-100 elementor-top-column elementor-element elementor-element-4a93ac9\" data-id=\"4a93ac9\" data-element_type=\"column\">\n\t\t\t<div class=\"elementor-column-wrap elementor-element-populated\">\n\t\t\t\t\t\t\t<div class=\"elementor-widget-wrap\">\n\t\t\t\t\t\t<div class=\"elementor-element elementor-element-d5f76ff elementor-widget elementor-widget-spacer\" data-id=\"d5f76ff\" data-element_type=\"widget\" data-widget_type=\"spacer.default\">\n\t\t\t\t<div class=\"elementor-widget-container\">\n\t\t\t\t\t<div class=\"elementor-spacer\">\n\t\t\t<div class=\"elementor-spacer-inner\"><\/div>\n\t\t<\/div>\n\t\t\t\t<\/div>\n\t\t\t\t<\/div>\n\t\t\t\t\t\t<\/div>\n\t\t\t\t\t<\/div>\n\t\t<\/div>\n\t\t\t\t\t\t\t\t<\/div>\n\t\t\t\t\t<\/div>\n\t\t<\/section>\n\t\t\t\t<section class=\"elementor-section elementor-top-section elementor-element elementor-element-31a7621 elementor-section-boxed elementor-section-height-default elementor-section-height-default\" data-id=\"31a7621\" data-element_type=\"section\">\n\t\t\t\t\t\t\t<div class=\"elementor-background-overlay\"><\/div>\n\t\t\t\t\t\t\t<div class=\"elementor-container elementor-column-gap-default\">\n\t\t\t\t\t\t\t<div class=\"elementor-row\">\n\t\t\t\t\t<div class=\"elementor-column elementor-col-100 elementor-top-column elementor-element elementor-element-8e3a4ae\" data-id=\"8e3a4ae\" data-element_type=\"column\">\n\t\t\t<div class=\"elementor-column-wrap elementor-element-populated\">\n\t\t\t\t\t\t\t<div class=\"elementor-widget-wrap\">\n\t\t\t\t\t\t<div class=\"elementor-element elementor-element-2590093 elementor-widget elementor-widget-heading\" data-id=\"2590093\" data-element_type=\"widget\" data-widget_type=\"heading.default\">\n\t\t\t\t<div class=\"elementor-widget-container\">\n\t\t\t<h1 class=\"elementor-heading-title elementor-size-default\">Labor pericial<\/h1>\t\t<\/div>\n\t\t\t\t<\/div>\n\t\t\t\t<div class=\"elementor-element elementor-element-8f1f360 elementor-widget elementor-widget-text-editor\" data-id=\"8f1f360\" data-element_type=\"widget\" data-widget_type=\"text-editor.default\">\n\t\t\t\t<div class=\"elementor-widget-container\">\n\t\t\t\t\t\t\t\t<div class=\"elementor-text-editor elementor-clearfix\">\n\t\t\t\t<p>La ley 30\/1.995 de 8 de Noviembre de Ordenaci\u00f3n y Supervisi\u00f3n de los seguros privados, en su Disposici\u00f3n Adicional Tercera, se refiere a colaboradores en la actividad asegurada, y en su punto 1, dice as\u00ed:<\/p><blockquote><p>&#8220;Son peritos de seguros quienes dictaminan sobre las causas del siniestro, la valoraci\u00f3n de los da\u00f1os y las dem\u00e1s circunstancias que influyan en la determinaci\u00f3n de la indemnizaci\u00f3n derivada de un contrato de seguro y formulan la propuesta de importe l\u00edquido de indemnizaci\u00f3n&#8221;.<\/p><\/blockquote><p>Las obligaciones que regulan las labores periciales est\u00e1n determinadas en el art\u00edculo n\u00ba 38 de la Ley de Contrato de Seguro 50\/80.<\/p>\t\t\t\t\t<\/div>\n\t\t\t\t\t\t<\/div>\n\t\t\t\t<\/div>\n\t\t\t\t<div class=\"elementor-element elementor-element-b73e9c9 elementor-widget elementor-widget-text-editor\" data-id=\"b73e9c9\" data-element_type=\"widget\" data-widget_type=\"text-editor.default\">\n\t\t\t\t<div class=\"elementor-widget-container\">\n\t\t\t\t\t\t\t\t<div class=\"elementor-text-editor elementor-clearfix\">\n\t\t\t\t\t\t\t\t\t<\/div>\n\t\t\t\t\t\t<\/div>\n\t\t\t\t<\/div>\n\t\t\t\t\t\t<\/div>\n\t\t\t\t\t<\/div>\n\t\t<\/div>\n\t\t\t\t\t\t\t\t<\/div>\n\t\t\t\t\t<\/div>\n\t\t<\/section>\n\t\t\t\t\t\t\t\t\t<\/div>\n\t\t\t<\/div>\n\t\t\t\t\t<\/div>\n\t\t ","protected":false},"excerpt":{"rendered":"<p>Qui\u00e9nes Somos Contacta con nosotros Nuestra Misi\u00f3n Valoraci\u00f3n de todo tipo de siniestros, obras de arte, edificios y viviendas Nuestra Visi\u00f3n Para la realizaci\u00f3n de la Pericial Seguros, nuestros expertos emplean las m\u00e1s modernas herramientas y metodolog\u00edas, para poder analizar<\/p>\n","protected":false},"author":1,"featured_media":0,"parent":0,"menu_order":0,"comment_status":"closed","ping_status":"closed","template":"page-templates\/page-builder.php","meta":[],"yoast_head":"<!-- This site is optimized with the Yoast SEO plugin v15.9.1 - https:\/\/yoast.com\/wordpress\/plugins\/seo\/ -->\n<title>Qui\u00e9nes somos - FBH Peritaciones y Proyectos S.C.A.<\/title>\n<meta name=\"robots\" content=\"index, follow, max-snippet:-1, max-image-preview:large, max-video-preview:-1\" \/>\n<link rel=\"canonical\" href=\"https:\/\/www.fbh.es\/public_html\/quienes-somos\/\" \/>\n<meta property=\"og:locale\" content=\"es_ES\" \/>\n<meta property=\"og:type\" content=\"article\" \/>\n<meta property=\"og:title\" content=\"Qui\u00e9nes somos - FBH Peritaciones y Proyectos S.C.A.\" \/>\n<meta property=\"og:description\" content=\"Qui\u00e9nes Somos Contacta con nosotros Nuestra Misi\u00f3n Valoraci\u00f3n de todo tipo de siniestros, obras de arte, edificios y viviendas Nuestra Visi\u00f3n Para la realizaci\u00f3n de la Pericial Seguros, nuestros expertos emplean las m\u00e1s modernas herramientas y metodolog\u00edas, para poder analizar\" \/>\n<meta property=\"og:url\" content=\"https:\/\/www.fbh.es\/public_html\/quienes-somos\/\" \/>\n<meta property=\"og:site_name\" content=\"FBH Peritaciones y Proyectos S.C.A.\" \/>\n<meta property=\"article:modified_time\" content=\"2021-03-02T11:07:19+00:00\" \/>\n<meta name=\"twitter:card\" content=\"summary_large_image\" \/>\n<meta name=\"twitter:label1\" content=\"Tiempo de lectura\">\n\t<meta name=\"twitter:data1\" content=\"1 minuto\">\n<script type=\"application\/ld+json\" class=\"yoast-schema-graph\">{\"@context\":\"https:\/\/schema.org\",\"@graph\":[{\"@type\":\"Organization\",\"@id\":\"https:\/\/www.fbh.es\/public_html\/#organization\",\"name\":\"FBH Peritaciones\",\"url\":\"https:\/\/www.fbh.es\/public_html\/\",\"sameAs\":[],\"logo\":{\"@type\":\"ImageObject\",\"@id\":\"https:\/\/www.fbh.es\/public_html\/#logo\",\"inLanguage\":\"es\",\"url\":\"\",\"caption\":\"FBH Peritaciones\"},\"image\":{\"@id\":\"https:\/\/www.fbh.es\/public_html\/#logo\"}},{\"@type\":\"WebSite\",\"@id\":\"https:\/\/www.fbh.es\/public_html\/#website\",\"url\":\"https:\/\/www.fbh.es\/public_html\/\",\"name\":\"FBH Peritaciones y Proyectos S.C.A.\",\"description\":\"Peritaciones y Proyectos\",\"publisher\":{\"@id\":\"https:\/\/www.fbh.es\/public_html\/#organization\"},\"potentialAction\":[{\"@type\":\"SearchAction\",\"target\":\"https:\/\/www.fbh.es\/public_html\/?s={search_term_string}\",\"query-input\":\"required name=search_term_string\"}],\"inLanguage\":\"es\"},{\"@type\":\"WebPage\",\"@id\":\"https:\/\/www.fbh.es\/public_html\/quienes-somos\/#webpage\",\"url\":\"https:\/\/www.fbh.es\/public_html\/quienes-somos\/\",\"name\":\"Qui\\u00e9nes somos - FBH Peritaciones y Proyectos S.C.A.\",\"isPartOf\":{\"@id\":\"https:\/\/www.fbh.es\/public_html\/#website\"},\"datePublished\":\"2020-11-26T10:56:59+00:00\",\"dateModified\":\"2021-03-02T11:07:19+00:00\",\"breadcrumb\":{\"@id\":\"https:\/\/www.fbh.es\/public_html\/quienes-somos\/#breadcrumb\"},\"inLanguage\":\"es\",\"potentialAction\":[{\"@type\":\"ReadAction\",\"target\":[\"https:\/\/www.fbh.es\/public_html\/quienes-somos\/\"]}]},{\"@type\":\"BreadcrumbList\",\"@id\":\"https:\/\/www.fbh.es\/public_html\/quienes-somos\/#breadcrumb\",\"itemListElement\":[{\"@type\":\"ListItem\",\"position\":1,\"item\":{\"@type\":\"WebPage\",\"@id\":\"https:\/\/www.fbh.es\/public_html\/\",\"url\":\"https:\/\/www.fbh.es\/public_html\/\",\"name\":\"Portada\"}},{\"@type\":\"ListItem\",\"position\":2,\"item\":{\"@type\":\"WebPage\",\"@id\":\"https:\/\/www.fbh.es\/public_html\/quienes-somos\/\",\"url\":\"https:\/\/www.fbh.es\/public_html\/quienes-somos\/\",\"name\":\"Qui\\u00e9nes somos\"}}]}]}<\/script>\n<!-- \/ Yoast SEO plugin. -->","_links":{"self":[{"href":"https:\/\/www.fbh.es\/public_html\/wp-json\/wp\/v2\/pages\/538"}],"collection":[{"href":"https:\/\/www.fbh.es\/public_html\/wp-json\/wp\/v2\/pages"}],"about":[{"href":"https:\/\/www.fbh.es\/public_html\/wp-json\/wp\/v2\/types\/page"}],"author":[{"embeddable":true,"href":"https:\/\/www.fbh.es\/public_html\/wp-json\/wp\/v2\/users\/1"}],"replies":[{"embeddable":true,"href":"https:\/\/www.fbh.es\/public_html\/wp-json\/wp\/v2\/comments?post=538"}],"version-history":[{"count":87,"href":"https:\/\/www.fbh.es\/public_html\/wp-json\/wp\/v2\/pages\/538\/revisions"}],"predecessor-version":[{"id":1574,"href":"https:\/\/www.fbh.es\/public_html\/wp-json\/wp\/v2\/pages\/538\/revisions\/1574"}],"wp:attachment":[{"href":"https:\/\/www.fbh.es\/public_html\/wp-json\/wp\/v2\/media?parent=538"}],"curies":[{"name":"wp","href":"https:\/\/api.w.org\/{rel}","templated":true}]}}