{"id":1117,"date":"2020-12-17T12:24:44","date_gmt":"2020-12-17T11:24:44","guid":{"rendered":"http:\/\/www.fbh.es\/public_html\/?page_id=1117"},"modified":"2020-12-18T11:17:22","modified_gmt":"2020-12-18T10:17:22","slug":"politica-de-privacidad","status":"publish","type":"page","link":"https:\/\/www.fbh.es\/public_html\/politica-de-privacidad\/","title":{"rendered":"Pol\u00edtica de privacidad"},"content":{"rendered":"\r\n\r\n\r\n<p><strong>Queremos que conozca, mediante este aviso, cu\u00e1les son los criterios que seguimos respecto a la utilizaci\u00f3n de los datos que nos facilite, o que hemos recabado a trav\u00e9s de terceros.<\/strong><\/p>\r\n<p><strong>Nuestra pol\u00edtica de protecci\u00f3n de datos est\u00e1 construida y comunicada de conformidad con la normativa aplicable, muy especialmente en relaci\u00f3n con el Reglamento UE 2016\/679 del Parlamento Europeo y del Consejo, relativo a la protecci\u00f3n de las personas f\u00edsicas en lo que respecta al tratamiento de los datos personales y a la libre circulaci\u00f3n de estos datos, y por el que se deroga la Directiva 95\/46\/CE (en adelante, RGPD).<\/strong><\/p>\r\n<p><strong>Esta pol\u00edtica puede variar con el tiempo debido a posibles cambios legislativos. Si se produjese alguna modificaci\u00f3n, le mantendremos informado a trav\u00e9s de esta p\u00e1gina.<\/strong><\/p>\r\n<p><strong>FBH PERITACIONES Y PROYECTOS S.C.A. (en adelante LA SOCIEDAD) <\/strong><strong>ha adoptado las medidas de \u00edndole t\u00e9cnica y organizativa necesarias para garantizar la confidencialidad y seguridad de los datos personales, evitando su alteraci\u00f3n, p\u00e9rdida, tratamiento o acceso no autorizado de acuerdo a lo estipulado en la normativa de aplicaci\u00f3n, y cumpliendo, en todo caso, con el nivel de seguridad adecuado al nivel de los datos tratados.<\/strong><\/p>\r\n<p><strong>LA SOCIEDAD gestiona datos de personas f\u00edsicas en el desempe\u00f1o de un cargo o funci\u00f3n profesional, as\u00ed como datos personales en la esfera privada. Se ha atendido a ambas categor\u00edas al establecer esta pol\u00edtica de privacidad<\/strong><strong>.<br \/><br \/><\/strong><\/p>\r\n<h3>\u00bfQu\u00e9 son Datos Personales?<\/h3>\r\n<p>Con datos personales se hace referencia a cualquier informaci\u00f3n o datos que pueda identificarlo directamente (por ejemplo, su nombre o apellidos) o indirectamente (por ejemplo, su documento nacional de identidad o D.N.I.) sin que esto suponga un esfuerzo desproporcionado. Datos Personales pueden considerarse informaciones relativas a una persona f\u00edsica, tales como el correo electr\u00f3nico \/ direcciones postales particulares \/ tel\u00e9fono m\u00f3vil, nombres de usuario, etc.<br \/><br \/><\/p>\r\n<h3>\u00bfQui\u00e9n es el responsable del tratamiento de sus datos?<\/h3>\r\n<p>Identidad:\u00a0 \u00a0 \u00a0 \u00a0 \u00a0 \u00a0 \u00a0 \u00a0 \u00a0 \u00a0 \u00a0 \u00a0 <strong>FBH PERITACIONES Y PROYECTOS S.C.A.<\/strong><\/p>\r\n<p>Direcci\u00f3n postal:\u00a0 \u00a0 \u00a0 \u00a0 \u00a0<strong>Paseo Cerrado de Calder\u00f3n, 14 <\/strong><strong>Edificio J\u00daPITER, 1\u00ba Planta. OFICINA N\u00ba3 &#8211; 29018 M\u00e1laga<\/strong><\/p>\r\n<p>Tel\u00e9fono:\u00a0 \u00a0 \u00a0 \u00a0 \u00a0 \u00a0 \u00a0 \u00a0 \u00a0 \u00a0 \u00a0 \u00a0 \u00a0 <strong>952 206 232<\/strong><\/p>\r\n<p>Correo electr\u00f3nico:\u00a0 \u00a0<strong><a href=\"mailto:fbh.malaga@fbh.es\">fbh.malaga@fbh.es<\/a><\/strong><\/p>\r\n<h3><br \/>\u00bfCon qu\u00e9 finalidad tratamos sus datos personales?<\/h3>\r\n<p>En LA SOCIEDAD tratamos la informaci\u00f3n que nos facilitan las personas interesadas con las siguientes finalidades:<\/p>\r\n<ol>\r\n<li>FINALIDADES DE NATURALEZA CONTRACTUAL: facilitar la gesti\u00f3n de la prestaci\u00f3n de los servicios pactados, mantener la relaci\u00f3n comercial, as\u00ed como cualquier otro servicio que se contrate con posterioridad.<\/li>\r\n<li>FINALIDADES BASADAS EN EL CONSENTIMIENTO DEL INTERESADO: Con fines de mercadotecnia, para el ofrecimiento de productos o servicios propios o de terceras empresas relacionados con la actividad desarrollada en la gesti\u00f3n de siniestros, peritaciones y reclamaciones, dentro del \u00e1mbito empresarial, y env\u00edo de newsletters y comunicaciones relacionadas con nuestra actividad.<\/li>\r\n<li>PONDERACI\u00d3N DEL INTER\u00c9S LEGITIMO en relaci\u00f3n con los datos recogidos de terceros en el ejercicio de la actividad (vecinos, testigos, comunidades de propietarios, etc.)<\/li>\r\n<\/ol>\r\n<h3>\u00bfCu\u00e1nto tiempo conservaremos sus datos?<\/h3>\r\n<p>Los datos personales proporcionados se conservar\u00e1n:<\/p>\r\n<p style=\"padding-left: 40px;\">a) mientras lo exija la relaci\u00f3n mercantil.<\/p>\r\n<p style=\"padding-left: 40px;\">b) mientras no se solicite su supresi\u00f3n por el interesado.<br \/><br \/>Siendo bloqueado cuando ocurra el primero de los dos eventos arriba citados. A partir de ese momento, quedar\u00e1 a la disposici\u00f3n exclusiva de Jueces y Tribunales, el Ministerio Fiscal o las Administraciones P\u00fablicas competentes, en particular las autoridades de protecci\u00f3n de datos, para la atenci\u00f3n de las posibles responsabilidades nacidas del tratamiento, durante el plazo de prescripci\u00f3n de \u00e9stas. Cumplido el plazo citado se proceder\u00e1 a la supresi\u00f3n de los datos.<\/p>\r\n<h3>Tratamiento l\u00edcito\u00a0<\/h3>\r\n<p><strong>\u00bfCu\u00e1l es la legitimaci\u00f3n para el tratamiento de sus datos?<\/strong><\/p>\r\n<ol>\r\n<li>En la relaci\u00f3n contractual y ejecuci\u00f3n del contrato suscrito con nosotros.<\/li>\r\n<li>En el supuesto que se haya dado expresamente el consentimiento, la base legal es dicho consentimiento.<\/li>\r\n<li>En el inter\u00e9s leg\u00edtimo para el ejercicio de la actividad profesional.<\/li>\r\n<\/ol>\r\n<h3>Destinatarios<\/h3>\r\n<p><strong>\u00bfA qu\u00e9 destinatarios se comunican sus datos?<\/strong><\/p>\r\n<p>Los datos se comunican a nuestros colaboradores que realizan servicios como subcontratistas, colaboradores y\/o encargados del tratamiento, as\u00ed como a las compa\u00f1\u00edas aseguradoras para las que las sociedades prestan servicios y para las que act\u00faan como encargadas del tratamiento. No existen transferencias internacionales de datos.<\/p>\r\n<h3>Derechos<\/h3>\r\n<p><strong>\u00bfCu\u00e1les son sus derechos?<\/strong><\/p>\r\n<ol>\r\n<li>Cualquier persona tiene derecho a obtener confirmaci\u00f3n sobre si en LA SOCIEDAD estamos tratando datos personales que les conciernan, o no.<\/li>\r\n<li>Las personas interesadas tienen derecho a\u00a0<u>acceder<\/u>\u00a0a sus datos personales, as\u00ed como a solicitar la\u00a0<u>rectificaci\u00f3n<\/u>\u00a0de los datos inexactos o, en su caso, solicitar su\u00a0<u>supresi\u00f3n<\/u>\u00a0cuando, entre otros motivos, los datos ya no sean necesarios para los fines para los que fueron recogidos.<\/li>\r\n<li>En determinadas circunstancias previstas en el art\u00edculo 18 RGPD, los interesados podr\u00e1n solicitar la\u00a0<u>limitaci\u00f3n<\/u>\u00a0del tratamiento de sus datos, en cuyo caso \u00fanicamente los conservaremos para el ejercicio o la defensa de reclamaciones.<\/li>\r\n<li>Los interesados podr\u00e1n\u00a0<u>oponerse<\/u>\u00a0al tratamiento de sus datos con fines de mercadotecnia, incluida la elaboraci\u00f3n de perfiles. LA SOCIEDAD dejar\u00e1 de tratar los datos, salvo por motivos leg\u00edtimos imperiosos o el ejercicio o la defensa de posibles reclamaciones.<\/li>\r\n<li>En virtud del derecho a la\u00a0<u>portabilidad<\/u>, los interesados tienen derecho a obtener los datos personales que les incumben en un formato estructurado de uso com\u00fan y lectura mec\u00e1nica y a transmitirlos a otro responsable.<\/li>\r\n<\/ol>\r\n<p><strong>\u00bfC\u00f3mo se pueden ejercer los derechos?<\/strong><\/p>\r\n<ol>\r\n<li>Mediante un escrito dirigido a las sociedades, en la direcci\u00f3n arriba indicada.<\/li>\r\n<li>Mediante e-mail dirigido a al Delegado de Protecci\u00f3n de Datos en la direcci\u00f3n arriba indicada y en el correo electr\u00f3nico a <strong><a href=\"mailto:fbh.malaga@fbh.es\">fbh.malaga@fbh.es<\/a><br \/><\/strong><\/li>\r\n<\/ol>\r\n\r\n\r\n\r\n\r\n\r\n\r\n\r\n\r\n\r\n<h3>Cookies<\/h3>\r\n\r\n\r\n\r\n<p>Nuestro sitio web utiliza cookies. Cuando accedas, tambi\u00e9n instalaremos varias cookies para guardar tu informaci\u00f3n de acceso y tus opciones de visualizaci\u00f3n de pantalla. Para m\u00e1s informaci\u00f3n consultar <a href=\"http:\/\/www.fbh.es\/politica-de-cookies\/\">aqu\u00ed<\/a><\/p>\r\n\r\n\r\n\r\n<h3>Contenido incrustado de otros sitios web<\/h3>\r\n\r\n\r\n\r\n<p>Los art\u00edculos de este sitio pueden incluir contenido incrustado (por ejemplo, v\u00eddeos, im\u00e1genes, art\u00edculos, etc.). El contenido incrustado de otras webs se comporta exactamente de la misma manera que si el visitante hubiera visitado la otra web.<\/p>\r\n\r\n\r\n\r\n<p>Estas web pueden recopilar datos sobre ti, utilizar cookies, incrustar un seguimiento adicional de terceros, y supervisar tu interacci\u00f3n con ese contenido incrustado, incluido el seguimiento de tu interacci\u00f3n con el contenido incrustado si tienes una cuenta y est\u00e1s conectado a esa web.<\/p>\r\n\r\n\r\n\r\n\r\n\r\n\r\n\r\n\r\n\r\n<p>&nbsp;<\/p>\r\n ","protected":false},"excerpt":{"rendered":"<p>Queremos que conozca, mediante este aviso, cu\u00e1les son los criterios que seguimos respecto a la utilizaci\u00f3n de los datos que nos facilite, o que hemos recabado a trav\u00e9s de terceros. Nuestra pol\u00edtica de protecci\u00f3n de datos est\u00e1 construida y comunicada<\/p>\n","protected":false},"author":1,"featured_media":0,"parent":0,"menu_order":0,"comment_status":"closed","ping_status":"closed","template":"","meta":[],"yoast_head":"<!-- This site is optimized with the Yoast SEO plugin v15.9.1 - https:\/\/yoast.com\/wordpress\/plugins\/seo\/ -->\n<title>Pol\u00edtica de privacidad - FBH Peritaciones y Proyectos S.C.A.<\/title>\n<meta name=\"robots\" content=\"index, follow, max-snippet:-1, max-image-preview:large, max-video-preview:-1\" \/>\n<link rel=\"canonical\" href=\"https:\/\/www.fbh.es\/public_html\/politica-de-privacidad\/\" \/>\n<meta property=\"og:locale\" content=\"es_ES\" \/>\n<meta property=\"og:type\" content=\"article\" \/>\n<meta property=\"og:title\" content=\"Pol\u00edtica de privacidad - FBH Peritaciones y Proyectos S.C.A.\" \/>\n<meta property=\"og:description\" content=\"Queremos que conozca, mediante este aviso, cu\u00e1les son los criterios que seguimos respecto a la utilizaci\u00f3n de los datos que nos facilite, o que hemos recabado a trav\u00e9s de terceros. Nuestra pol\u00edtica de protecci\u00f3n de datos est\u00e1 construida y comunicada\" \/>\n<meta property=\"og:url\" content=\"https:\/\/www.fbh.es\/public_html\/politica-de-privacidad\/\" \/>\n<meta property=\"og:site_name\" content=\"FBH Peritaciones y Proyectos S.C.A.\" \/>\n<meta property=\"article:modified_time\" content=\"2020-12-18T10:17:22+00:00\" \/>\n<meta name=\"twitter:card\" content=\"summary_large_image\" \/>\n<meta name=\"twitter:label1\" content=\"Tiempo de lectura\">\n\t<meta name=\"twitter:data1\" content=\"5 minutos\">\n<script type=\"application\/ld+json\" class=\"yoast-schema-graph\">{\"@context\":\"https:\/\/schema.org\",\"@graph\":[{\"@type\":\"Organization\",\"@id\":\"https:\/\/www.fbh.es\/public_html\/#organization\",\"name\":\"FBH Peritaciones\",\"url\":\"https:\/\/www.fbh.es\/public_html\/\",\"sameAs\":[],\"logo\":{\"@type\":\"ImageObject\",\"@id\":\"https:\/\/www.fbh.es\/public_html\/#logo\",\"inLanguage\":\"es\",\"url\":\"\",\"caption\":\"FBH Peritaciones\"},\"image\":{\"@id\":\"https:\/\/www.fbh.es\/public_html\/#logo\"}},{\"@type\":\"WebSite\",\"@id\":\"https:\/\/www.fbh.es\/public_html\/#website\",\"url\":\"https:\/\/www.fbh.es\/public_html\/\",\"name\":\"FBH Peritaciones y Proyectos S.C.A.\",\"description\":\"Peritaciones y Proyectos\",\"publisher\":{\"@id\":\"https:\/\/www.fbh.es\/public_html\/#organization\"},\"potentialAction\":[{\"@type\":\"SearchAction\",\"target\":\"https:\/\/www.fbh.es\/public_html\/?s={search_term_string}\",\"query-input\":\"required name=search_term_string\"}],\"inLanguage\":\"es\"},{\"@type\":\"WebPage\",\"@id\":\"https:\/\/www.fbh.es\/public_html\/politica-de-privacidad\/#webpage\",\"url\":\"https:\/\/www.fbh.es\/public_html\/politica-de-privacidad\/\",\"name\":\"Pol\\u00edtica de privacidad - FBH Peritaciones y Proyectos S.C.A.\",\"isPartOf\":{\"@id\":\"https:\/\/www.fbh.es\/public_html\/#website\"},\"datePublished\":\"2020-12-17T11:24:44+00:00\",\"dateModified\":\"2020-12-18T10:17:22+00:00\",\"breadcrumb\":{\"@id\":\"https:\/\/www.fbh.es\/public_html\/politica-de-privacidad\/#breadcrumb\"},\"inLanguage\":\"es\",\"potentialAction\":[{\"@type\":\"ReadAction\",\"target\":[\"https:\/\/www.fbh.es\/public_html\/politica-de-privacidad\/\"]}]},{\"@type\":\"BreadcrumbList\",\"@id\":\"https:\/\/www.fbh.es\/public_html\/politica-de-privacidad\/#breadcrumb\",\"itemListElement\":[{\"@type\":\"ListItem\",\"position\":1,\"item\":{\"@type\":\"WebPage\",\"@id\":\"https:\/\/www.fbh.es\/public_html\/\",\"url\":\"https:\/\/www.fbh.es\/public_html\/\",\"name\":\"Portada\"}},{\"@type\":\"ListItem\",\"position\":2,\"item\":{\"@type\":\"WebPage\",\"@id\":\"https:\/\/www.fbh.es\/public_html\/politica-de-privacidad\/\",\"url\":\"https:\/\/www.fbh.es\/public_html\/politica-de-privacidad\/\",\"name\":\"Pol\\u00edtica de privacidad\"}}]}]}<\/script>\n<!-- \/ Yoast SEO plugin. -->","_links":{"self":[{"href":"https:\/\/www.fbh.es\/public_html\/wp-json\/wp\/v2\/pages\/1117"}],"collection":[{"href":"https:\/\/www.fbh.es\/public_html\/wp-json\/wp\/v2\/pages"}],"about":[{"href":"https:\/\/www.fbh.es\/public_html\/wp-json\/wp\/v2\/types\/page"}],"author":[{"embeddable":true,"href":"https:\/\/www.fbh.es\/public_html\/wp-json\/wp\/v2\/users\/1"}],"replies":[{"embeddable":true,"href":"https:\/\/www.fbh.es\/public_html\/wp-json\/wp\/v2\/comments?post=1117"}],"version-history":[{"count":34,"href":"https:\/\/www.fbh.es\/public_html\/wp-json\/wp\/v2\/pages\/1117\/revisions"}],"predecessor-version":[{"id":1255,"href":"https:\/\/www.fbh.es\/public_html\/wp-json\/wp\/v2\/pages\/1117\/revisions\/1255"}],"wp:attachment":[{"href":"https:\/\/www.fbh.es\/public_html\/wp-json\/wp\/v2\/media?parent=1117"}],"curies":[{"name":"wp","href":"https:\/\/api.w.org\/{rel}","templated":true}]}}